{"id":87,"date":"2014-11-29T22:00:26","date_gmt":"2014-11-29T20:00:26","guid":{"rendered":"https:\/\/eurotech-automotive.eu\/?page_id=87"},"modified":"2017-10-24T00:03:09","modified_gmt":"2017-10-23T22:03:09","slug":"trennwaende","status":"publish","type":"page","link":"https:\/\/www.eurotech-automotive.de\/news\/nutzfahrzeug-innenausbau\/trennwaende\/","title":{"rendered":"Trennw\u00e4nde"},"content":{"rendered":"<p>[vc_row][vc_column width=&#8220;1\/1&#8243;][vc_column_text]Test etest[\/vc_column_text][\/vc_column][\/vc_row][vc_row][vc_column width=&#8220;1\/2&#8243;][vc_single_image border_color=&#8220;grey&#8220; img_link_target=&#8220;_self&#8220; image=&#8220;373&#8243; img_link_large=&#8220;yes&#8220;][\/vc_column][vc_column width=&#8220;1\/2&#8243;][vc_column_text]blablab blupp[\/vc_column_text][vc_button2 title=&#8220;Informationen&#8220; style=&#8220;rounded&#8220; color=&#8220;blue&#8220; size=&#8220;md&#8220; link=&#8220;url:https%3A%2F%2Feurotech-automotive.eu%2F%3Fp%3D1|title:VW%20Caddy%20-%20C-S%C3%A4ulentrennwand|&#8220;][\/vc_column][\/vc_row][vc_row][vc_column width=&#8220;1\/2&#8243;][vc_single_image border_color=&#8220;grey&#8220; img_link_target=&#8220;_self&#8220;][\/vc_column][vc_column width=&#8220;1\/2&#8243;][vc_column_text]I am text block. Click edit button to change this text. Lorem ipsum dolor sit amet, consectetur adipiscing elit. Ut elit tellus, luctus nec ullamcorper mattis, pulvinar dapibus leo.[\/vc_column_text][vc_button2 title=&#8220;Text on the button&#8220; style=&#8220;rounded&#8220; color=&#8220;blue&#8220; size=&#8220;md&#8220;][\/vc_column][\/vc_row]<\/p>\n","protected":false},"excerpt":{"rendered":"<p>[vc_row][vc_column width=&#8220;1\/1&#8243;][vc_column_text]Test etest[\/vc_column_text][\/vc_column][\/vc_row][vc_row][vc_column width=&#8220;1\/2&#8243;][vc_single_image border_color=&#8220;grey&#8220; img_link_target=&#8220;_self&#8220; image=&#8220;373&#8243; img_link_large=&#8220;yes&#8220;][\/vc_column][vc_column width=&#8220;1\/2&#8243;][vc_column_text]blablab blupp[\/vc_column_text][vc_button2 title=&#8220;Informationen&#8220; style=&#8220;rounded&#8220; color=&#8220;blue&#8220; size=&#8220;md&#8220; link=&#8220;url:https%3A%2F%2Feurotech-automotive.eu%2F%3Fp%3D1|title:VW%20Caddy%20-%20C-S%C3%A4ulentrennwand|&#8220;][\/vc_column][\/vc_row][vc_row][vc_column width=&#8220;1\/2&#8243;][vc_single_image border_color=&#8220;grey&#8220; img_link_target=&#8220;_self&#8220;][\/vc_column][vc_column width=&#8220;1\/2&#8243;][vc_column_text]I am text block. Click edit button to change this text. Lorem ipsum dolor sit amet, consectetur adipiscing elit. Ut elit tellus, luctus nec ullamcorper mattis, pulvinar dapibus leo.[\/vc_column_text][vc_button2 title=&#8220;Text on the button&#8220; style=&#8220;rounded&#8220; color=&#8220;blue&#8220; size=&#8220;md&#8220;][\/vc_column][\/vc_row]<\/p>\n","protected":false},"author":1,"featured_media":0,"parent":62,"menu_order":0,"comment_status":"closed","ping_status":"closed","template":"","meta":{"jetpack_post_was_ever_published":false,"footnotes":""},"class_list":["post-87","page","type-page","status-publish","hentry"],"jetpack_sharing_enabled":true,"jetpack_shortlink":"https:\/\/wp.me\/P9GrbL-1p","jetpack_likes_enabled":true,"jetpack-related-posts":[{"id":89,"url":"https:\/\/www.eurotech-automotive.de\/news\/nutzfahrzeug-innenausbau\/trennwaende\/trennwand-b-saeule\/","url_meta":{"origin":87,"position":0},"title":"Trennwand B-S\u00e4ule","author":"ad-eurotech","date":"29. November 2014","format":false,"excerpt":"[vc_row][vc_column width=\"1\/1\"][vc_column_text]Trennwand\/ Laderaumabtrennung B-S\u00e4ule Trennw\u00e4nde bieten den Insassen einen wichtigen Schutz bei Unf\u00e4llen. Trennwand hinter Fahrer und Beifahrer (B-S\u00e4ule) ABS-Kunststoff oder GFK-Polyester Bietet mehr Platz f\u00fcr die Insassen, da die Trennwand nach hinten ausgestellt ist H\u00e4lt die W\u00e4rme in der Fahrerkabine und reduziert Ger\u00e4usche aus dem Laderaum Wahlweise mit oder\u2026","rel":"","context":"\u00c4hnlicher Beitrag","block_context":{"text":"\u00c4hnlicher Beitrag","link":""},"img":{"alt_text":"","src":"","width":0,"height":0},"classes":[]},{"id":74,"url":"https:\/\/www.eurotech-automotive.de\/news\/kontaktformular\/","url_meta":{"origin":87,"position":1},"title":"Kontaktformular","author":"ad_eurotech","date":"29. November 2014","format":false,"excerpt":"[contact-form-7 id=\"206\" title=\"Kontaktformular\"]","rel":"","context":"\u00c4hnlicher Beitrag","block_context":{"text":"\u00c4hnlicher Beitrag","link":""},"img":{"alt_text":"","src":"","width":0,"height":0},"classes":[]},{"id":404,"url":"https:\/\/www.eurotech-automotive.de\/news\/katalog_bestellung\/","url_meta":{"origin":87,"position":2},"title":"Katalogbestellung","author":"ad_eurotech","date":"14. Juli 2015","format":false,"excerpt":"[contact-form-7 id=\"395\" title=\"Katalogbestellung\"]","rel":"","context":"\u00c4hnlicher Beitrag","block_context":{"text":"\u00c4hnlicher Beitrag","link":""},"img":{"alt_text":"","src":"","width":0,"height":0},"classes":[]},{"id":2,"url":"https:\/\/www.eurotech-automotive.de\/news\/beispiel-seite\/","url_meta":{"origin":87,"position":3},"title":"Startseite","author":"ad_eurotech","date":"24. November 2014","format":false,"excerpt":"[vc_row][vc_column width=\"1\/1\"][vc_posts_slider type=\"flexslider_fade\" interval=\"5\" slides_content=\"teaser\" slides_title=\"1\" link=\"link_post\" order=\"DESC\" count=\"5\" posttypes=\"post\" thumb_size=\"thumbnail\" orderby=\"date\"][\/vc_column][vc_column css=\".vc_custom_1430746259369{margin-top: 40px !important;margin-bottom: 20px !important;}\" width=\"1\/1\"][\/vc_column][vc_column][tmq_portfolio style=\"filterable\" grid_columns=\"3\" items=\"3\" pagination=\"singlepage\" order_item=\"date\" order_type=\"ASC\" category_portfolio=\"dacia-dachkoerbe,dacia-dachkoerbe-aluminium,komplette-dachkoerbe,komplette-dachkoerbe-aluminium,komplette-dachkoerbe-stahl\" item_title=\"Unsere Produkte\"][\/vc_column][\/vc_row][vc_row][vc_column width=\"1\/1\"][tmq_hr][\/vc_column][vc_column css=\".vc_custom_1430746268071{margin-top: 40px !important;}\" width=\"1\/1\"][vc_column_text] Kontakt [\/vc_column_text][\/vc_column][\/vc_row][vc_row][vc_column width=\"2\/3\"][vc_raw_html]JTNDaWZyYW1lJTIwc3JjJTNEJTIyaHR0cHMlM0ElMkYlMkZ3d3cuZ29vZ2xlLmNvbSUyRm1hcHMlMkZlbWJlZCUzRnBiJTNEJTIxMW0xOCUyMTFtMTIlMjExbTMlMjExZDQ5ODUuMTMwOTA0NjY1NzQyJTIxMmQxMi4zMDMwOTMwMzA2ODI3ODglMjEzZDUxLjMzNzUxMjA4NDY2MTA2NCUyMTJtMyUyMTFmMCUyMTJmMCUyMTNmMCUyMTNtMiUyMTFpMTAyNCUyMTJpNzY4JTIxNGYxMy4xJTIxM20zJTIxMW0yJTIxMXMweDQ3YTZmNjUzODkxZTU4NDElMjUzQTB4OTJiMTRkYWFkZTc3YWI5OCUyMTJzUGFuc2FzdHJhJTI1QzMlMjU5RmUlMkIzNCUyNTJDJTJCMDQxNzklMkJMZWlwemlnJTIxNWUwJTIxM20yJTIxMXNkZSUyMTJzZGUlMjE0djE0MzA3NDI3NjM0NjAlMjIlMjB3aWR0aCUzRCUyMjEwMCUyNSUyMiUyMGhlaWdodCUzRCUyMjMyMCUyMiUyMGZyYW1lYm9yZGVyJTNEJTIyMCUyMiUyMHN0eWxlJTNEJTIyYm9yZGVyJTNBMCUyMiUzRSUzQyUyRmlmcmFtZSUzRQ==[\/vc_raw_html][\/vc_column][vc_column width=\"1\/3\"][vc_column_text]Ansprechpartner: B\u00e4rbel Steinbrecher Henry Steinbrecher Sebastian Steinbrecher Eurotech\u00a0Automotive GmbH & Co. KG Gesch\u00e4ftsstelle, Verkauf und\u2026","rel":"","context":"\u00c4hnlicher Beitrag","block_context":{"text":"\u00c4hnlicher Beitrag","link":""},"img":{"alt_text":"","src":"","width":0,"height":0},"classes":[]},{"id":37,"url":"https:\/\/www.eurotech-automotive.de\/news\/news\/","url_meta":{"origin":87,"position":4},"title":"News","author":"ad_eurotech","date":"24. November 2014","format":false,"excerpt":"[vc_row][vc_column width=\"1\/1\"][tmq_blog item_title=\"Aktuelle Beitr\u00e4ge\" style=\"normal\" show_details=\"no\" grid_columns=\"1\" items=\"6\" pagination=\"multipage\" pagination_align=\"tmq_center\" pagination_location=\"tmq_both\" category_filter=\"allgemein\" order_item=\"date\" order_type=\"ASC\"][\/vc_column][\/vc_row]","rel":"","context":"\u00c4hnlicher Beitrag","block_context":{"text":"\u00c4hnlicher Beitrag","link":""},"img":{"alt_text":"","src":"","width":0,"height":0},"classes":[]}],"_links":{"self":[{"href":"https:\/\/www.eurotech-automotive.de\/news\/wp-json\/wp\/v2\/pages\/87","targetHints":{"allow":["GET"]}}],"collection":[{"href":"https:\/\/www.eurotech-automotive.de\/news\/wp-json\/wp\/v2\/pages"}],"about":[{"href":"https:\/\/www.eurotech-automotive.de\/news\/wp-json\/wp\/v2\/types\/page"}],"author":[{"embeddable":true,"href":"https:\/\/www.eurotech-automotive.de\/news\/wp-json\/wp\/v2\/users\/1"}],"replies":[{"embeddable":true,"href":"https:\/\/www.eurotech-automotive.de\/news\/wp-json\/wp\/v2\/comments?post=87"}],"version-history":[{"count":4,"href":"https:\/\/www.eurotech-automotive.de\/news\/wp-json\/wp\/v2\/pages\/87\/revisions"}],"predecessor-version":[{"id":429,"href":"https:\/\/www.eurotech-automotive.de\/news\/wp-json\/wp\/v2\/pages\/87\/revisions\/429"}],"up":[{"embeddable":true,"href":"https:\/\/www.eurotech-automotive.de\/news\/wp-json\/wp\/v2\/pages\/62"}],"wp:attachment":[{"href":"https:\/\/www.eurotech-automotive.de\/news\/wp-json\/wp\/v2\/media?parent=87"}],"curies":[{"name":"wp","href":"https:\/\/api.w.org\/{rel}","templated":true}]}}