{"id":141,"date":"2014-11-29T22:22:48","date_gmt":"2014-11-29T20:22:48","guid":{"rendered":"https:\/\/eurotech-automotive.eu\/?page_id=141"},"modified":"2014-11-30T21:49:48","modified_gmt":"2014-11-30T19:49:48","slug":"schwellerschutzrohre","status":"publish","type":"page","link":"https:\/\/www.eurotech-automotive.de\/news\/weitere-produkte\/schwellerschutzrohre\/","title":{"rendered":"Schwellerschutzrohre"},"content":{"rendered":"<p>[vc_row][vc_column width=&#8220;1\/2&#8243;][vc_column_text]Schwellerschutzrohre haben die Funktion das Fahrzeug vor teuren Karosseriesch\u00e4den zu sch\u00fctzen und werten es nebenbei optisch auf. Ein gro\u00dfer Vorteil bietet die schnelle und einfache Montage am Fahrzeug, da vorhandene Aufnahmepunkte verwendet werden.<br \/>\nDurch die spezielle Unterbaukonstruktion ist es, im Falle eines Schadens, m\u00f6glich ein einzelnes Schwellerschutzrohr auszutauschen. Die Schutzrohre sind f\u00fcr alle Transporter lieferbar.[\/vc_column_text][\/vc_column][vc_column width=&#8220;1\/2&#8243;][vc_gallery type=&#8220;flexslider_fade&#8220; interval=&#8220;3&#8243; images=&#8220;163,161,158,168,170,173,174,175&#8243; onclick=&#8220;link_image&#8220; custom_links_target=&#8220;_self&#8220; img_size=&#8220;medium&#8220;][\/vc_column][\/vc_row][vc_row][vc_column width=&#8220;2\/3&#8243;][vc_column_text]<\/p>\n<h2>BC-Serie<\/h2>\n<p>Produktmerkmale:<\/p>\n<ul>\n<li>Edelstahl, verchromt<\/li>\n<li>abgewinkelte Kunststoffendkappen<\/li>\n<li>Durchmesser: 60,3 mm<\/li>\n<li>Wandst\u00e4rke: 2 mm<\/li>\n<\/ul>\n<p>Lieferumfang:<\/p>\n<ul>\n<li>2 Schwellerschutzrohre<\/li>\n<li>Unterbaukonstruktion und Befestigungsmaterial<\/li>\n<li>Montageanleitung<\/li>\n<li>T\u00dcV-Zertifikat<\/li>\n<\/ul>\n<p>[\/vc_column_text][\/vc_column][vc_column width=&#8220;1\/3&#8243;][vc_single_image image=&#8220;158&#8243; border_color=&#8220;grey&#8220; img_link_target=&#8220;_self&#8220;][\/vc_column][\/vc_row][vc_row][vc_column width=&#8220;2\/3&#8243;][vc_column_text]<\/p>\n<h2>BM-Serie<\/h2>\n<p>Produktmerkmale:<\/p>\n<ul>\n<li>Edelstahl, geb\u00fcrstet<\/li>\n<li>abgewinkelte Kunststoffendkappen<\/li>\n<li>Durchmesser: 60,3 mm<\/li>\n<li>Wandst\u00e4rke: 2 mm<\/li>\n<\/ul>\n<p>Lieferumfang:<\/p>\n<ul>\n<li>2 Schwellerschutzrohre<\/li>\n<li>Unterbaukonstruktion und Befestigungsmaterial<\/li>\n<li>Montageanleitung<\/li>\n<li>T\u00dcV-Zertifikat<\/li>\n<\/ul>\n<p>[\/vc_column_text][\/vc_column][vc_column width=&#8220;1\/3&#8243;][vc_single_image image=&#8220;161&#8243; border_color=&#8220;grey&#8220; img_link_target=&#8220;_self&#8220;][\/vc_column][\/vc_row][vc_row][vc_column width=&#8220;2\/3&#8243;][vc_column_text]<\/p>\n<h2>GC-Serie<\/h2>\n<p><span style=\"text-decoration: underline;\">Produktmerkmale:<\/span><\/p>\n<ul>\n<li>Edelstahl, verchromt<\/li>\n<li>gebogene Enden<\/li>\n<li>Durchmesser: 60,3 mm<\/li>\n<li>Wandst\u00e4rke: 2 mm<\/li>\n<\/ul>\n<p><span style=\"text-decoration: underline;\">Lieferumfang:<\/span><\/p>\n<ul>\n<li>2 Schwellerschutzrohre<\/li>\n<li>Unterbaukonstruktion und Befestigungsmaterial<\/li>\n<li>Montageanleitung<\/li>\n<li>T\u00dcV-Zertifikat<\/li>\n<\/ul>\n<p>[\/vc_column_text][\/vc_column][vc_column width=&#8220;1\/3&#8243;][vc_single_image image=&#8220;163&#8243; border_color=&#8220;grey&#8220; img_link_target=&#8220;_self&#8220;][\/vc_column][\/vc_row][vc_row][vc_column width=&#8220;2\/3&#8243;][vc_column_text]<\/p>\n<h2>GM-Serie<\/h2>\n<p><span style=\"text-decoration: underline;\">Produktmerkmale:<\/span><\/p>\n<ul>\n<li>Edelstahl, geb\u00fcrstet<\/li>\n<li>abgewinkelte Enden<\/li>\n<li>Durchmesser: 60,3 mm<\/li>\n<li>Wandst\u00e4rke: 2 mm<\/li>\n<\/ul>\n<p><span style=\"text-decoration: underline;\">Lieferumfang:<\/span><\/p>\n<ul>\n<li>2 Schwellerschutzrohre<\/li>\n<li>Unterbaukonstruktion und Befestigungsmaterial<\/li>\n<li>Montageanleitung<\/li>\n<li>T\u00dcV-Zertifikat<\/li>\n<\/ul>\n<p>[\/vc_column_text][\/vc_column][vc_column width=&#8220;1\/3&#8243;][vc_single_image image=&#8220;168&#8243; border_color=&#8220;grey&#8220; img_link_target=&#8220;_self&#8220;][\/vc_column][\/vc_row][vc_row][vc_column width=&#8220;2\/3&#8243;][vc_column_text]<\/p>\n<h2>RC-Serie<\/h2>\n<p><span style=\"text-decoration: underline;\">Produktmerkmale:<\/span><\/p>\n<ul>\n<li>Edelstahl, verchromt<\/li>\n<li>gerades Rohr<\/li>\n<li>Durchmesser: 60,3 mm<\/li>\n<li>Wandst\u00e4rke: 2 mm<\/li>\n<\/ul>\n<p><span style=\"text-decoration: underline;\">Lieferumfang:<\/span><\/p>\n<ul>\n<li>2 Schwellerschutzrohre<\/li>\n<li>Unterbaukonstruktion und Befestigungsmaterial<\/li>\n<li>Montageanleitung<\/li>\n<li>T\u00dcV-Zertifikat<\/li>\n<\/ul>\n<p>[\/vc_column_text][\/vc_column][vc_column width=&#8220;1\/3&#8243;][vc_single_image image=&#8220;170&#8243; border_color=&#8220;grey&#8220; img_link_target=&#8220;_self&#8220;][\/vc_column][\/vc_row][vc_row][vc_column width=&#8220;2\/3&#8243;][vc_column_text]<\/p>\n<h2>RM-Serie<\/h2>\n<p><span style=\"text-decoration: underline;\">Produktmerkmale:<\/span><\/p>\n<ul>\n<li>Edelstahl, verchromt<\/li>\n<li>gerades Rohr<\/li>\n<li>Durchmesser: 60,3 mm<\/li>\n<li>Wandst\u00e4rke: 2 mm<\/li>\n<\/ul>\n<p><span style=\"text-decoration: underline;\">Lieferumfang:<\/span><\/p>\n<ul>\n<li>2 Schwellerschutzrohre<\/li>\n<li>Unterbaukonstruktion und Befestigungsmaterial<\/li>\n<li>Montageanleitung<\/li>\n<li>T\u00dcV-Zertifikat<\/li>\n<\/ul>\n<p>[\/vc_column_text][\/vc_column][vc_column width=&#8220;1\/3&#8243;][vc_single_image image=&#8220;173&#8243; border_color=&#8220;grey&#8220; img_link_target=&#8220;_self&#8220;][\/vc_column][\/vc_row][vc_row][vc_column width=&#8220;2\/3&#8243;][vc_column_text]<\/p>\n<h2>RS-Serie<\/h2>\n<p><span style=\"text-decoration: underline;\">Produktmerkmale:<\/span><\/p>\n<ul>\n<li>Edelstahl, verchromt<\/li>\n<li>gerades Rohr<\/li>\n<li>mit Trittfl\u00e4che<\/li>\n<li>Durchmesser: 60,3 mm<\/li>\n<li>Wandst\u00e4rke: 2 mm<\/li>\n<\/ul>\n<p><span style=\"text-decoration: underline;\">Lieferumfang:<\/span><\/p>\n<ul>\n<li>2 Schwellerschutzrohre<\/li>\n<li>Befestigungsmaterial<\/li>\n<li>Montageanleitung<\/li>\n<\/ul>\n<p>[\/vc_column_text][\/vc_column][vc_column width=&#8220;1\/3&#8243;][vc_single_image image=&#8220;174&#8243; border_color=&#8220;grey&#8220; img_link_target=&#8220;_self&#8220;][\/vc_column][\/vc_row][vc_row][vc_column width=&#8220;2\/3&#8243;][vc_column_text]<\/p>\n<h2>RT-Serie<\/h2>\n<p><span style=\"text-decoration: underline;\">Produktmerkmale:<\/span><\/p>\n<ul>\n<li>Edelstahl, verchromt<\/li>\n<li>gerades Rohr<\/li>\n<li>mit Trittfl\u00e4che<\/li>\n<li>Durchmesser: 60,3 mm<\/li>\n<li>Wandst\u00e4rke: 2 mm<\/li>\n<\/ul>\n<p><span style=\"text-decoration: underline;\">Lieferumfang:<\/span><\/p>\n<ul>\n<li>2 Schwellerschutzrohre<\/li>\n<li>Befestigungsmaterial<\/li>\n<li>Montageanleitung<\/li>\n<\/ul>\n<p>[\/vc_column_text][\/vc_column][vc_column width=&#8220;1\/3&#8243;][vc_single_image image=&#8220;175&#8243; border_color=&#8220;grey&#8220; img_link_target=&#8220;_self&#8220;][\/vc_column][\/vc_row]<\/p>\n","protected":false},"excerpt":{"rendered":"<p>[vc_row][vc_column width=&#8220;1\/2&#8243;][vc_column_text]Schwellerschutzrohre haben die Funktion das Fahrzeug vor teuren Karosseriesch\u00e4den zu sch\u00fctzen und werten es nebenbei optisch auf. Ein gro\u00dfer Vorteil bietet die schnelle und einfache Montage am Fahrzeug, da vorhandene Aufnahmepunkte verwendet werden. Durch die spezielle Unterbaukonstruktion ist es, im Falle eines Schadens, m\u00f6glich ein einzelnes Schwellerschutzrohr auszutauschen. Die Schutzrohre sind f\u00fcr alle Transporter &hellip; <a href=\"https:\/\/www.eurotech-automotive.de\/news\/weitere-produkte\/schwellerschutzrohre\/\">Weiterlesen<\/a><\/p>\n","protected":false},"author":1,"featured_media":0,"parent":66,"menu_order":0,"comment_status":"closed","ping_status":"closed","template":"page-fullwidth.php","meta":{"jetpack_post_was_ever_published":false,"footnotes":""},"class_list":["post-141","page","type-page","status-publish","hentry"],"jetpack_sharing_enabled":true,"jetpack_shortlink":"https:\/\/wp.me\/P9GrbL-2h","jetpack_likes_enabled":true,"jetpack-related-posts":[{"id":2,"url":"https:\/\/www.eurotech-automotive.de\/news\/beispiel-seite\/","url_meta":{"origin":141,"position":0},"title":"Startseite","author":"ad_eurotech","date":"24. November 2014","format":false,"excerpt":"[vc_row][vc_column width=\"1\/1\"][vc_posts_slider type=\"flexslider_fade\" interval=\"5\" slides_content=\"teaser\" slides_title=\"1\" link=\"link_post\" order=\"DESC\" count=\"5\" posttypes=\"post\" thumb_size=\"thumbnail\" orderby=\"date\"][\/vc_column][vc_column css=\".vc_custom_1430746259369{margin-top: 40px !important;margin-bottom: 20px !important;}\" width=\"1\/1\"][\/vc_column][vc_column][tmq_portfolio style=\"filterable\" grid_columns=\"3\" items=\"3\" pagination=\"singlepage\" order_item=\"date\" order_type=\"ASC\" category_portfolio=\"dacia-dachkoerbe,dacia-dachkoerbe-aluminium,komplette-dachkoerbe,komplette-dachkoerbe-aluminium,komplette-dachkoerbe-stahl\" item_title=\"Unsere Produkte\"][\/vc_column][\/vc_row][vc_row][vc_column width=\"1\/1\"][tmq_hr][\/vc_column][vc_column css=\".vc_custom_1430746268071{margin-top: 40px !important;}\" width=\"1\/1\"][vc_column_text] Kontakt [\/vc_column_text][\/vc_column][\/vc_row][vc_row][vc_column width=\"2\/3\"][vc_raw_html]JTNDaWZyYW1lJTIwc3JjJTNEJTIyaHR0cHMlM0ElMkYlMkZ3d3cuZ29vZ2xlLmNvbSUyRm1hcHMlMkZlbWJlZCUzRnBiJTNEJTIxMW0xOCUyMTFtMTIlMjExbTMlMjExZDQ5ODUuMTMwOTA0NjY1NzQyJTIxMmQxMi4zMDMwOTMwMzA2ODI3ODglMjEzZDUxLjMzNzUxMjA4NDY2MTA2NCUyMTJtMyUyMTFmMCUyMTJmMCUyMTNmMCUyMTNtMiUyMTFpMTAyNCUyMTJpNzY4JTIxNGYxMy4xJTIxM20zJTIxMW0yJTIxMXMweDQ3YTZmNjUzODkxZTU4NDElMjUzQTB4OTJiMTRkYWFkZTc3YWI5OCUyMTJzUGFuc2FzdHJhJTI1QzMlMjU5RmUlMkIzNCUyNTJDJTJCMDQxNzklMkJMZWlwemlnJTIxNWUwJTIxM20yJTIxMXNkZSUyMTJzZGUlMjE0djE0MzA3NDI3NjM0NjAlMjIlMjB3aWR0aCUzRCUyMjEwMCUyNSUyMiUyMGhlaWdodCUzRCUyMjMyMCUyMiUyMGZyYW1lYm9yZGVyJTNEJTIyMCUyMiUyMHN0eWxlJTNEJTIyYm9yZGVyJTNBMCUyMiUzRSUzQyUyRmlmcmFtZSUzRQ==[\/vc_raw_html][\/vc_column][vc_column width=\"1\/3\"][vc_column_text]Ansprechpartner: B\u00e4rbel Steinbrecher Henry Steinbrecher Sebastian Steinbrecher Eurotech\u00a0Automotive GmbH & Co. KG Gesch\u00e4ftsstelle, Verkauf und\u2026","rel":"","context":"\u00c4hnlicher Beitrag","block_context":{"text":"\u00c4hnlicher Beitrag","link":""},"img":{"alt_text":"","src":"","width":0,"height":0},"classes":[]},{"id":135,"url":"https:\/\/www.eurotech-automotive.de\/news\/weitere-produkte\/ladekantenschutz\/","url_meta":{"origin":141,"position":1},"title":"Ladekantenschutz","author":"ad-eurotech","date":"29. November 2014","format":false,"excerpt":"[vc_row][vc_column width=\"1\/2\"][vc_column_text]Die Ladekantenschutzsysteme sch\u00fctzen vor Besch\u00e4digungen beim Be- und Entladen Ihres Fahrzeuges oder \u00fcberdecken bereits vorhandene Sch\u00e4den. Ihr Auto wird zudem optisch und wertm\u00e4\u00dfig bestens in Szene gesetzt. Der Ladekantenschutz wird der Sto\u00dfstangenform des jeweiligen Modells angepasst. Die Ladekantenschutzsysteme sind f\u00fcr alle Transporter und f\u00fcr eine Vielzahl von PKW\u00b4s lieferbar.\u2026","rel":"","context":"\u00c4hnlicher Beitrag","block_context":{"text":"\u00c4hnlicher Beitrag","link":""},"img":{"alt_text":"","src":"","width":0,"height":0},"classes":[]},{"id":89,"url":"https:\/\/www.eurotech-automotive.de\/news\/nutzfahrzeug-innenausbau\/trennwaende\/trennwand-b-saeule\/","url_meta":{"origin":141,"position":2},"title":"Trennwand B-S\u00e4ule","author":"ad-eurotech","date":"29. November 2014","format":false,"excerpt":"[vc_row][vc_column width=\"1\/1\"][vc_column_text]Trennwand\/ Laderaumabtrennung B-S\u00e4ule Trennw\u00e4nde bieten den Insassen einen wichtigen Schutz bei Unf\u00e4llen. Trennwand hinter Fahrer und Beifahrer (B-S\u00e4ule) ABS-Kunststoff oder GFK-Polyester Bietet mehr Platz f\u00fcr die Insassen, da die Trennwand nach hinten ausgestellt ist H\u00e4lt die W\u00e4rme in der Fahrerkabine und reduziert Ger\u00e4usche aus dem Laderaum Wahlweise mit oder\u2026","rel":"","context":"\u00c4hnlicher Beitrag","block_context":{"text":"\u00c4hnlicher Beitrag","link":""},"img":{"alt_text":"","src":"","width":0,"height":0},"classes":[]},{"id":13,"url":"https:\/\/www.eurotech-automotive.de\/news\/impressum\/","url_meta":{"origin":141,"position":3},"title":"Impressum","author":"ad_eurotech","date":"24. November 2014","format":false,"excerpt":"[vc_row][vc_column width=\"1\/1\"][vc_column_text]Eurotech Automotive GmbH & Co. KG Gesch\u00e4ftsstelle, Verkauf und Lager Pansastr. 34 04179 Leipzig Tel.: 0341 \/ 4210791 Fax: 0341 \/ 4792672 Email: \u203a info@eurotech-automotive.de \u00a0 Eurotech Automotive GmbH & Co. KG - HRA 17230 Amtsgericht Leipzig Komplement\u00e4rin: Eurotech Verwaltungs GmbH - HRB 30899 Amtsgericht Leipzig Gesch\u00e4ftsf\u00fchrer: Sebastian Steinbrecher\u2026","rel":"","context":"\u00c4hnlicher Beitrag","block_context":{"text":"\u00c4hnlicher Beitrag","link":""},"img":{"alt_text":"","src":"","width":0,"height":0},"classes":[]}],"_links":{"self":[{"href":"https:\/\/www.eurotech-automotive.de\/news\/wp-json\/wp\/v2\/pages\/141","targetHints":{"allow":["GET"]}}],"collection":[{"href":"https:\/\/www.eurotech-automotive.de\/news\/wp-json\/wp\/v2\/pages"}],"about":[{"href":"https:\/\/www.eurotech-automotive.de\/news\/wp-json\/wp\/v2\/types\/page"}],"author":[{"embeddable":true,"href":"https:\/\/www.eurotech-automotive.de\/news\/wp-json\/wp\/v2\/users\/1"}],"replies":[{"embeddable":true,"href":"https:\/\/www.eurotech-automotive.de\/news\/wp-json\/wp\/v2\/comments?post=141"}],"version-history":[{"count":16,"href":"https:\/\/www.eurotech-automotive.de\/news\/wp-json\/wp\/v2\/pages\/141\/revisions"}],"predecessor-version":[{"id":177,"href":"https:\/\/www.eurotech-automotive.de\/news\/wp-json\/wp\/v2\/pages\/141\/revisions\/177"}],"up":[{"embeddable":true,"href":"https:\/\/www.eurotech-automotive.de\/news\/wp-json\/wp\/v2\/pages\/66"}],"wp:attachment":[{"href":"https:\/\/www.eurotech-automotive.de\/news\/wp-json\/wp\/v2\/media?parent=141"}],"curies":[{"name":"wp","href":"https:\/\/api.w.org\/{rel}","templated":true}]}}